{"id":26,"date":"2025-07-31T12:53:04","date_gmt":"2025-07-31T15:53:04","guid":{"rendered":"https:\/\/alsukkar.com.br\/?page_id=26"},"modified":"2025-12-11T10:33:49","modified_gmt":"2025-12-11T13:33:49","slug":"equipamentos","status":"publish","type":"page","link":"https:\/\/alsukkar.com.br\/en\/equipamentos\/","title":{"rendered":"Equipamentos"},"content":{"rendered":"\t\t<div data-elementor-type=\"wp-page\" data-elementor-id=\"26\" class=\"elementor elementor-26\" data-elementor-post-type=\"page\">\n\t\t\t\t<div class=\"elementor-element elementor-element-76d4a4d e-con-full e-flex e-con e-parent\" data-id=\"76d4a4d\" data-element_type=\"container\" data-e-type=\"container\">\n\t\t\t\t<div class=\"elementor-element elementor-element-636f7da elementor--h-position-center elementor--v-position-middle elementor-arrows-position-inside elementor-pagination-position-inside elementor-widget elementor-widget-slides\" data-id=\"636f7da\" data-element_type=\"widget\" data-e-type=\"widget\" data-settings=\"{&quot;navigation&quot;:&quot;both&quot;,&quot;autoplay&quot;:&quot;yes&quot;,&quot;pause_on_hover&quot;:&quot;yes&quot;,&quot;pause_on_interaction&quot;:&quot;yes&quot;,&quot;autoplay_speed&quot;:5000,&quot;infinite&quot;:&quot;yes&quot;,&quot;transition&quot;:&quot;slide&quot;,&quot;transition_speed&quot;:500}\" data-widget_type=\"slides.default\">\n\t\t\t\t\t\t\t\t\t\t<div class=\"elementor-slides-wrapper elementor-main-swiper swiper\" role=\"region\" aria-roledescription=\"carousel\" aria-label=\"Slides\" dir=\"ltr\" data-animation=\"fadeInUp\">\n\t\t\t\t<div class=\"swiper-wrapper elementor-slides\">\n\t\t\t\t\t\t\t\t\t\t<div class=\"elementor-repeater-item-9597d2f swiper-slide\" role=\"group\" aria-roledescription=\"slide\"><div class=\"swiper-slide-bg elementor-ken-burns elementor-ken-burns--in\" role=\"img\" aria-label=\"banner09\"><\/div><div class=\"swiper-slide-inner\" ><div class=\"swiper-slide-contents\"><div class=\"elementor-slide-heading\">Conhe\u00e7a nossa estrutura<\/div><div class=\"elementor-slide-description\">Solu\u00e7\u00f5es t\u00e9cnicas que movem a ind\u00fastria.<\/div><\/div><\/div><\/div>\t\t\t\t<\/div>\n\t\t\t\t\t\t\t<\/div>\n\t\t\t\t\t\t\t\t<\/div>\n\t\t\t\t<\/div>\n\t\t<div class=\"elementor-element elementor-element-41e35c2 e-flex e-con-boxed e-con e-parent\" data-id=\"41e35c2\" data-element_type=\"container\" data-e-type=\"container\">\n\t\t\t\t\t<div class=\"e-con-inner\">\n\t\t<div class=\"elementor-element elementor-element-a7ff15e e-con-full e-flex e-con e-child\" data-id=\"a7ff15e\" data-element_type=\"container\" data-e-type=\"container\">\n\t\t\t\t<div class=\"elementor-element elementor-element-2269daf elementor-widget__width-initial elementor-widget elementor-widget-text-editor\" data-id=\"2269daf\" data-element_type=\"widget\" data-e-type=\"widget\" data-widget_type=\"text-editor.default\">\n\t\t\t\t\t\t\t\t\t<p>N\u00e3o deixe para amanh\u00e3 a inova\u00e7\u00e3o o que<br \/>voc\u00ea pode fazer hoje!<\/p>\t\t\t\t\t\t\t\t<\/div>\n\t\t\t\t<div class=\"elementor-element elementor-element-bfc8e55 elementor-widget__width-initial elementor-widget elementor-widget-text-editor\" data-id=\"bfc8e55\" data-element_type=\"widget\" data-e-type=\"widget\" data-widget_type=\"text-editor.default\">\n\t\t\t\t\t\t\t\t\t<p>A Al Sukkar possui um laborat\u00f3rio com equipamentos modernos de alta tecnologia para atender as demandas dos clientes. Em nosso laborat\u00f3rio possu\u00edmos equipamentos de Cromatografia Gasosa, Espectrofotometria, Cromatografia L\u00edquida, Espectrometria de Absor\u00e7\u00e3o At\u00f4mica, Espectrometria de fluoresc\u00eancia de raios-X e outros.<\/p>\t\t\t\t\t\t\t\t<\/div>\n\t\t\t\t<\/div>\n\t\t\t\t\t<\/div>\n\t\t\t\t<\/div>\n\t\t<div class=\"elementor-element elementor-element-c8b72ae e-flex e-con-boxed e-con e-parent\" data-id=\"c8b72ae\" data-element_type=\"container\" data-e-type=\"container\">\n\t\t\t\t\t<div class=\"e-con-inner\">\n\t\t\t\t<div class=\"elementor-element elementor-element-5ad93655 elementor-widget__width-inherit ekit-image-accordion-hover ekit-image-accordion-horizontal elementor-widget elementor-widget-elementskit-image-accordion\" data-id=\"5ad93655\" data-element_type=\"widget\" data-e-type=\"widget\" data-widget_type=\"elementskit-image-accordion.default\">\n\t\t\t\t<div class=\"elementor-widget-container\">\n\t\t\t\t\t<div class=\"ekit-wid-con\" >\t\t<div class=\"ekit-image-accordion elementskit-image-accordion-wraper\">\n\t\t\t                <input type=\"radio\" name=\"ekit_ia_5ad93655\" id=\"ekit_ia_5ad93655_0\" class=\"elementskit-single-image-accordion--input\" hidden>\n                <label for=\"ekit_ia_5ad93655_0\" class=\"elementskit-single-image-accordion ekit-image-accordion-item\" style=\"background-image: url(http:\/\/alsukkar.com.br\/wp-content\/uploads\/2025\/08\/IMG_3138-1.png)\">\n                    <span class=\"elementskit-accordion-content\">\n\t\t\t\t\t\t\t\t\t\t\t\t\t<span class=\"elementskit-accordion-title-wraper\">\n\t\t\t\t\t\t\t\t<span class=\"elementskit-accordion-title \">\n\t\t\t\t\t\t\t\t\n\t\t\t\t\t\t\t\tCromatografia de \u00cdons\n\t\t\t\t\t\t\t\t\t\t\t\t\t\t\t\t<\/span>\n\t\t\t\t\t\t\t<\/span>\n\t\t\t\t\t\t\t                    <\/span>\n                <\/label>\n                            <input type=\"radio\" name=\"ekit_ia_5ad93655\" id=\"ekit_ia_5ad93655_1\" class=\"elementskit-single-image-accordion--input\" hidden>\n                <label for=\"ekit_ia_5ad93655_1\" class=\"elementskit-single-image-accordion ekit-image-accordion-item\" style=\"background-image: url(http:\/\/alsukkar.com.br\/wp-content\/uploads\/2025\/08\/IMG_3160.png)\">\n                    <span class=\"elementskit-accordion-content\">\n\t\t\t\t\t\t\t\t\t\t\t\t\t<span class=\"elementskit-accordion-title-wraper\">\n\t\t\t\t\t\t\t\t<span class=\"elementskit-accordion-title \">\n\t\t\t\t\t\t\t\t\n\t\t\t\t\t\t\t\tCromat\u00f3grafo Gasoso com detector de Ioniza\u00e7\u00e3o de Chama\n\t\t\t\t\t\t\t\t\t\t\t\t\t\t\t\t<\/span>\n\t\t\t\t\t\t\t<\/span>\n\t\t\t\t\t\t\t                    <\/span>\n                <\/label>\n                            <input type=\"radio\" name=\"ekit_ia_5ad93655\" id=\"ekit_ia_5ad93655_2\" class=\"elementskit-single-image-accordion--input\" checked=\"checked\" hidden>\n                <label for=\"ekit_ia_5ad93655_2\" class=\"elementskit-single-image-accordion ekit-image-accordion-item\" style=\"background-image: url(http:\/\/alsukkar.com.br\/wp-content\/uploads\/2025\/08\/IMG_3210.png)\">\n                    <span class=\"elementskit-accordion-content\">\n\t\t\t\t\t\t\t\t\t\t\t\t\t<span class=\"elementskit-accordion-title-wraper\">\n\t\t\t\t\t\t\t\t<span class=\"elementskit-accordion-title \">\n\t\t\t\t\t\t\t\t\n\t\t\t\t\t\t\t\tCromat\u00f3grafo Gasosa com detector de massa\n\t\t\t\t\t\t\t\t\t\t\t\t\t\t\t\t<\/span>\n\t\t\t\t\t\t\t<\/span>\n\t\t\t\t\t\t\t                    <\/span>\n                <\/label>\n                            <input type=\"radio\" name=\"ekit_ia_5ad93655\" id=\"ekit_ia_5ad93655_3\" class=\"elementskit-single-image-accordion--input\" hidden>\n                <label for=\"ekit_ia_5ad93655_3\" class=\"elementskit-single-image-accordion ekit-image-accordion-item\" style=\"background-image: url(http:\/\/alsukkar.com.br\/wp-content\/uploads\/2025\/08\/IMG_3163.png)\">\n                    <span class=\"elementskit-accordion-content\">\n\t\t\t\t\t\t\t\t\t\t\t\t\t<span class=\"elementskit-accordion-title-wraper\">\n\t\t\t\t\t\t\t\t<span class=\"elementskit-accordion-title \">\n\t\t\t\t\t\t\t\t\n\t\t\t\t\t\t\t\tCromat\u00f3grafo L\u00edquido de Alta Resolu\u00e7\u00e3o com detector de \u00cdndice de Refra\u00e7\u00e3o\n\t\t\t\t\t\t\t\t\t\t\t\t\t\t\t\t<\/span>\n\t\t\t\t\t\t\t<\/span>\n\t\t\t\t\t\t\t                    <\/span>\n                <\/label>\n                            <input type=\"radio\" name=\"ekit_ia_5ad93655\" id=\"ekit_ia_5ad93655_4\" class=\"elementskit-single-image-accordion--input\" hidden>\n                <label for=\"ekit_ia_5ad93655_4\" class=\"elementskit-single-image-accordion ekit-image-accordion-item\" style=\"background-image: url(http:\/\/alsukkar.com.br\/wp-content\/uploads\/2025\/08\/IMG_3193.png)\">\n                    <span class=\"elementskit-accordion-content\">\n\t\t\t\t\t\t\t\t\t\t\t\t\t<span class=\"elementskit-accordion-title-wraper\">\n\t\t\t\t\t\t\t\t<span class=\"elementskit-accordion-title \">\n\t\t\t\t\t\t\t\t\n\t\t\t\t\t\t\t\tEspectrofot\u00f4metro de Absor\u00e7\u00e3o At\u00f4mica\n\t\t\t\t\t\t\t\t\t\t\t\t\t\t\t\t<\/span>\n\t\t\t\t\t\t\t<\/span>\n\t\t\t\t\t\t\t                    <\/span>\n                <\/label>\n                            <input type=\"radio\" name=\"ekit_ia_5ad93655\" id=\"ekit_ia_5ad93655_5\" class=\"elementskit-single-image-accordion--input\" hidden>\n                <label for=\"ekit_ia_5ad93655_5\" class=\"elementskit-single-image-accordion ekit-image-accordion-item\" style=\"background-image: url(https:\/\/alsukkar.com.br\/wp-content\/uploads\/2025\/12\/IMG_4148.jpg)\">\n                    <span class=\"elementskit-accordion-content\">\n\t\t\t\t\t\t\t\t\t\t\t\t\t<span class=\"elementskit-accordion-title-wraper\">\n\t\t\t\t\t\t\t\t<span class=\"elementskit-accordion-title \">\n\t\t\t\t\t\t\t\t\n\t\t\t\t\t\t\t\tCentrifuga\u00e7\u00e3o em microtubos\n\t\t\t\t\t\t\t\t\t\t\t\t\t\t\t\t<\/span>\n\t\t\t\t\t\t\t<\/span>\n\t\t\t\t\t\t\t                    <\/span>\n                <\/label>\n                            <input type=\"radio\" name=\"ekit_ia_5ad93655\" id=\"ekit_ia_5ad93655_6\" class=\"elementskit-single-image-accordion--input\" hidden>\n                <label for=\"ekit_ia_5ad93655_6\" class=\"elementskit-single-image-accordion ekit-image-accordion-item\" style=\"background-image: url(https:\/\/alsukkar.com.br\/wp-content\/uploads\/2025\/12\/IMG_4126.jpg)\">\n                    <span class=\"elementskit-accordion-content\">\n\t\t\t\t\t\t\t\t\t\t\t\t\t<span class=\"elementskit-accordion-title-wraper\">\n\t\t\t\t\t\t\t\t<span class=\"elementskit-accordion-title \">\n\t\t\t\t\t\t\t\t\n\t\t\t\t\t\t\t\tPipetagem multicanal\n\t\t\t\t\t\t\t\t\t\t\t\t\t\t\t\t<\/span>\n\t\t\t\t\t\t\t<\/span>\n\t\t\t\t\t\t\t                    <\/span>\n                <\/label>\n                    <\/div>\n    <\/div>\t\t\t\t<\/div>\n\t\t\t\t<\/div>\n\t\t\t\t\t<\/div>\n\t\t\t\t<\/div>\n\t\t<div class=\"elementor-element elementor-element-4c64499 e-flex e-con-boxed e-con e-parent\" data-id=\"4c64499\" data-element_type=\"container\" data-e-type=\"container\">\n\t\t\t\t\t<div class=\"e-con-inner\">\n\t\t<div class=\"elementor-element elementor-element-ddc5b03 e-con-full e-flex e-con e-child\" data-id=\"ddc5b03\" data-element_type=\"container\" data-e-type=\"container\">\n\t\t\t\t<div class=\"elementor-element elementor-element-717a11c elementor-view-default elementor-widget elementor-widget-icon\" data-id=\"717a11c\" data-element_type=\"widget\" data-e-type=\"widget\" data-widget_type=\"icon.default\">\n\t\t\t\t\t\t\t<div class=\"elementor-icon-wrapper\">\n\t\t\t<div class=\"elementor-icon\">\n\t\t\t<svg xmlns=\"http:\/\/www.w3.org\/2000\/svg\" width=\"313.969\" height=\"276\" viewBox=\"0 0 104.656 92\"><defs><style>      .cls-1 {        fill: #00c500;        fill-rule: evenodd;      }    <\/style><\/defs><path id=\"Pol&#xED;gono_3\" data-name=\"Pol&#xED;gono 3\" class=\"cls-1\" d=\"M76.67,0.509A5,5,0,0,1,81,3.009L104.666,44a5,5,0,0,1,0,5L81,89.991a5,5,0,0,1-4.33,2.5H29.338a5,5,0,0,1-4.33-2.5L1.342,49a5,5,0,0,1,0-5L25.008,3.009a5,5,0,0,1,4.33-2.5H76.67Z\" transform=\"translate(-0.688 -0.5)\"><\/path><\/svg>\t\t\t<\/div>\n\t\t<\/div>\n\t\t\t\t\t\t<\/div>\n\t\t\t\t<div class=\"elementor-element elementor-element-d5c75cf elementor-widget__width-initial elementor-widget elementor-widget-text-editor\" data-id=\"d5c75cf\" data-element_type=\"widget\" data-e-type=\"widget\" data-widget_type=\"text-editor.default\">\n\t\t\t\t\t\t\t\t\t<p>QUER SABER MAIS?AGENDE UMA VISITA!<\/p>\t\t\t\t\t\t\t\t<\/div>\n\t\t\t\t<\/div>\n\t\t\t\t<div class=\"elementor-element elementor-element-0f2cdce elementor-widget elementor-widget-html\" data-id=\"0f2cdce\" data-element_type=\"widget\" data-e-type=\"widget\" data-widget_type=\"html.default\">\n\t\t\t\t\t<!-- Meta Pixel Code -->\r\n<script>\r\n!function(f,b,e,v,n,t,s)\r\n{if(f.fbq)return;n=f.fbq=function(){n.callMethod?\r\nn.callMethod.apply(n,arguments):n.queue.push(arguments)};\r\nif(!f._fbq)f._fbq=n;n.push=n;n.loaded=!0;n.version='2.0';\r\nn.queue=[];t=b.createElement(e);t.async=!0;\r\nt.src=v;s=b.getElementsByTagName(e)[0];\r\ns.parentNode.insertBefore(t,s)}(window, document,'script',\r\n'https:\/\/connect.facebook.net\/en_US\/fbevents.js');\r\nfbq('init', '598733876328532');\r\nfbq('track', 'PageView');\r\n<\/script>\r\n<noscript><img height=\"1\" width=\"1\" style=\"display:none\"\r\nsrc=\"https:\/\/www.facebook.com\/tr?id=598733876328532&ev=PageView&noscript=1\"\r\n\/><\/noscript>\r\n<!-- End Meta Pixel Code -->\t\t\t\t<\/div>\n\t\t<div class=\"elementor-element elementor-element-305ea92 e-con-full e-flex e-con e-child\" data-id=\"305ea92\" data-element_type=\"container\" data-e-type=\"container\">\n\t\t\t\t<div class=\"elementor-element elementor-element-1caec9f elementor-widget__width-initial elementor-button-align-stretch elementor-widget elementor-widget-form\" data-id=\"1caec9f\" data-element_type=\"widget\" data-e-type=\"widget\" data-settings=\"{&quot;step_next_label&quot;:&quot;Next&quot;,&quot;step_previous_label&quot;:&quot;Previous&quot;,&quot;button_width&quot;:&quot;100&quot;,&quot;step_type&quot;:&quot;number_text&quot;,&quot;step_icon_shape&quot;:&quot;circle&quot;}\" data-widget_type=\"form.default\">\n\t\t\t\t\t\t\t<form class=\"elementor-form\" method=\"post\" name=\"New Form\" aria-label=\"New Form\">\n\t\t\t<input type=\"hidden\" name=\"post_id\" value=\"26\"\/>\n\t\t\t<input type=\"hidden\" name=\"form_id\" value=\"1caec9f\"\/>\n\t\t\t<input type=\"hidden\" name=\"referer_title\" value=\"Equipamentos\" \/>\n\n\t\t\t\t\t\t\t<input type=\"hidden\" name=\"queried_id\" value=\"26\"\/>\n\t\t\t\n\t\t\t<div class=\"elementor-form-fields-wrapper elementor-labels-above\">\n\t\t\t\t\t\t\t\t<div class=\"elementor-field-type-text elementor-field-group elementor-column elementor-field-group-name elementor-col-100\">\n\t\t\t\t\t\t\t\t\t\t\t\t<label for=\"form-field-name\" class=\"elementor-field-label\">\n\t\t\t\t\t\t\t\tNome\t\t\t\t\t\t\t<\/label>\n\t\t\t\t\t\t\t\t\t\t\t\t\t\t<input size=\"1\" type=\"text\" name=\"form_fields[name]\" id=\"form-field-name\" class=\"elementor-field elementor-size-sm  elementor-field-textual\">\n\t\t\t\t\t\t\t\t\t\t\t<\/div>\n\t\t\t\t\t\t\t\t<div class=\"elementor-field-type-text elementor-field-group elementor-column elementor-field-group-email elementor-col-100 elementor-field-required\">\n\t\t\t\t\t\t\t\t\t\t\t\t<label for=\"form-field-email\" class=\"elementor-field-label\">\n\t\t\t\t\t\t\t\tSua empresa\t\t\t\t\t\t\t<\/label>\n\t\t\t\t\t\t\t\t\t\t\t\t\t\t<input size=\"1\" type=\"text\" name=\"form_fields[email]\" id=\"form-field-email\" class=\"elementor-field elementor-size-sm  elementor-field-textual\" required=\"required\">\n\t\t\t\t\t\t\t\t\t\t\t<\/div>\n\t\t\t\t\t\t\t\t<div class=\"elementor-field-type-email elementor-field-group elementor-column elementor-field-group-field_a0c0b71 elementor-col-100 elementor-field-required\">\n\t\t\t\t\t\t\t\t\t\t\t\t<label for=\"form-field-field_a0c0b71\" class=\"elementor-field-label\">\n\t\t\t\t\t\t\t\tEmail\t\t\t\t\t\t\t<\/label>\n\t\t\t\t\t\t\t\t\t\t\t\t\t\t<input size=\"1\" type=\"email\" name=\"form_fields[field_a0c0b71]\" id=\"form-field-field_a0c0b71\" class=\"elementor-field elementor-size-sm  elementor-field-textual\" required=\"required\">\n\t\t\t\t\t\t\t\t\t\t\t<\/div>\n\t\t\t\t\t\t\t\t<div class=\"elementor-field-type-tel elementor-field-group elementor-column elementor-field-group-field_aa92a55 elementor-col-100 elementor-field-required\">\n\t\t\t\t\t\t\t\t\t\t\t\t<label for=\"form-field-field_aa92a55\" class=\"elementor-field-label\">\n\t\t\t\t\t\t\t\tSeu contato\t\t\t\t\t\t\t<\/label>\n\t\t\t\t\t\t\t\t<input size=\"1\" type=\"tel\" name=\"form_fields[field_aa92a55]\" id=\"form-field-field_aa92a55\" class=\"elementor-field elementor-size-sm  elementor-field-textual\" required=\"required\" pattern=\"[0-9()#&amp;+*-=.]+\" title=\"Only numbers and phone characters (#, -, *, etc) are accepted.\">\n\n\t\t\t\t\t\t<\/div>\n\t\t\t\t\t\t\t\t<div class=\"elementor-field-group elementor-column elementor-field-type-submit elementor-col-100 e-form__buttons\">\n\t\t\t\t\t<button class=\"elementor-button elementor-size-sm\" type=\"submit\">\n\t\t\t\t\t\t<span class=\"elementor-button-content-wrapper\">\n\t\t\t\t\t\t\t\t\t\t\t\t\t\t\t\t\t\t\t\t\t\t<span class=\"elementor-button-text\">QUERO AGENDAR UMA VISITA<\/span>\n\t\t\t\t\t\t\t\t\t\t\t\t\t<\/span>\n\t\t\t\t\t<\/button>\n\t\t\t\t<\/div>\n\t\t\t<\/div>\n\t\t<\/form>\n\t\t\t\t\t\t<\/div>\n\t\t\t\t<div class=\"elementor-element elementor-element-e89858c elementor-widget elementor-widget-html\" data-id=\"e89858c\" data-element_type=\"widget\" data-e-type=\"widget\" data-widget_type=\"html.default\">\n\t\t\t\t\t<!-- Google tag (gtag.js) -->\r\n<script async src=\"https:\/\/www.googletagmanager.com\/gtag\/js?id=AW-17126037940\"><\/script>\r\n<script>\r\n  window.dataLayer = window.dataLayer || [];\r\n  function gtag(){dataLayer.push(arguments);}\r\n  gtag('js', new Date());\r\n\r\n  gtag('config', 'AW-17126037940');\r\n<\/script>\t\t\t\t<\/div>\n\t\t\t\t<\/div>\n\t\t\t\t\t<\/div>\n\t\t\t\t<\/div>\n\t\t\t\t<\/div>\n\t\t","protected":false},"excerpt":{"rendered":"<p>Conhe\u00e7a nossa estruturaSolu\u00e7\u00f5es t\u00e9cnicas que movem a ind\u00fastria. N\u00e3o deixe para amanh\u00e3 a inova\u00e7\u00e3o o quevoc\u00ea pode fazer hoje! A Al Sukkar possui um laborat\u00f3rio com equipamentos modernos de alta tecnologia para atender as demandas dos clientes. Em nosso laborat\u00f3rio possu\u00edmos equipamentos de Cromatografia Gasosa, Espectrofotometria, Cromatografia L\u00edquida, Espectrometria de Absor\u00e7\u00e3o At\u00f4mica, Espectrometria de fluoresc\u00eancia [&hellip;]<\/p>\n","protected":false},"author":1,"featured_media":0,"parent":0,"menu_order":0,"comment_status":"closed","ping_status":"closed","template":"","meta":{"footnotes":""},"class_list":["post-26","page","type-page","status-publish","hentry"],"jetpack_sharing_enabled":true,"_links":{"self":[{"href":"https:\/\/alsukkar.com.br\/en\/wp-json\/wp\/v2\/pages\/26","targetHints":{"allow":["GET"]}}],"collection":[{"href":"https:\/\/alsukkar.com.br\/en\/wp-json\/wp\/v2\/pages"}],"about":[{"href":"https:\/\/alsukkar.com.br\/en\/wp-json\/wp\/v2\/types\/page"}],"author":[{"embeddable":true,"href":"https:\/\/alsukkar.com.br\/en\/wp-json\/wp\/v2\/users\/1"}],"replies":[{"embeddable":true,"href":"https:\/\/alsukkar.com.br\/en\/wp-json\/wp\/v2\/comments?post=26"}],"version-history":[{"count":25,"href":"https:\/\/alsukkar.com.br\/en\/wp-json\/wp\/v2\/pages\/26\/revisions"}],"predecessor-version":[{"id":424,"href":"https:\/\/alsukkar.com.br\/en\/wp-json\/wp\/v2\/pages\/26\/revisions\/424"}],"wp:attachment":[{"href":"https:\/\/alsukkar.com.br\/en\/wp-json\/wp\/v2\/media?parent=26"}],"curies":[{"name":"wp","href":"https:\/\/api.w.org\/{rel}","templated":true}]}}