{"id":24,"date":"2025-07-31T12:52:49","date_gmt":"2025-07-31T15:52:49","guid":{"rendered":"https:\/\/alsukkar.com.br\/?page_id=24"},"modified":"2026-03-13T19:37:54","modified_gmt":"2026-03-13T22:37:54","slug":"diferenciais","status":"publish","type":"page","link":"https:\/\/alsukkar.com.br\/en\/diferenciais\/","title":{"rendered":"Diferenciais"},"content":{"rendered":"\t\t<div data-elementor-type=\"wp-page\" data-elementor-id=\"24\" class=\"elementor elementor-24\" data-elementor-post-type=\"page\">\n\t\t\t\t<div class=\"elementor-element elementor-element-9daf7e2 e-con-full e-flex e-con e-parent\" data-id=\"9daf7e2\" data-element_type=\"container\" data-e-type=\"container\">\n\t\t\t\t<div class=\"elementor-element elementor-element-ce4043f elementor--h-position-center elementor--v-position-middle elementor-arrows-position-inside elementor-pagination-position-inside elementor-widget elementor-widget-slides\" data-id=\"ce4043f\" data-element_type=\"widget\" data-e-type=\"widget\" data-settings=\"{&quot;navigation&quot;:&quot;both&quot;,&quot;autoplay&quot;:&quot;yes&quot;,&quot;pause_on_hover&quot;:&quot;yes&quot;,&quot;pause_on_interaction&quot;:&quot;yes&quot;,&quot;autoplay_speed&quot;:5000,&quot;infinite&quot;:&quot;yes&quot;,&quot;transition&quot;:&quot;slide&quot;,&quot;transition_speed&quot;:500}\" data-widget_type=\"slides.default\">\n\t\t\t\t\t\t\t\t\t\t<div class=\"elementor-slides-wrapper elementor-main-swiper swiper\" role=\"region\" aria-roledescription=\"carousel\" aria-label=\"Slides\" dir=\"ltr\" data-animation=\"fadeInUp\">\n\t\t\t\t<div class=\"swiper-wrapper elementor-slides\">\n\t\t\t\t\t\t\t\t\t\t<div class=\"elementor-repeater-item-3cc0f6b swiper-slide\" role=\"group\" aria-roledescription=\"slide\"><div class=\"swiper-slide-bg elementor-ken-burns elementor-ken-burns--in\" role=\"img\" aria-label=\"banner08\"><\/div><div class=\"swiper-slide-inner\" ><div class=\"swiper-slide-contents\"><div class=\"elementor-slide-heading\">Nossos diferenciais<\/div><div class=\"elementor-slide-description\">Capacita\u00e7\u00e3o que transforma processos.<\/div><\/div><\/div><\/div>\t\t\t\t<\/div>\n\t\t\t\t\t\t\t<\/div>\n\t\t\t\t\t\t\t\t<\/div>\n\t\t\t\t<\/div>\n\t\t<div class=\"elementor-element elementor-element-cb4585c e-flex e-con-boxed e-con e-parent\" data-id=\"cb4585c\" data-element_type=\"container\" data-e-type=\"container\">\n\t\t\t\t\t<div class=\"e-con-inner\">\n\t\t<div class=\"elementor-element elementor-element-3f46280 e-grid e-con-full e-con e-child\" data-id=\"3f46280\" data-element_type=\"container\" data-e-type=\"container\">\n\t\t<div class=\"elementor-element elementor-element-5ad454c e-con-full e-flex e-con e-child\" data-id=\"5ad454c\" data-element_type=\"container\" data-e-type=\"container\">\n\t\t\t\t<div class=\"elementor-element elementor-element-62eeabe elementor-view-default elementor-position-block-start elementor-mobile-position-block-start elementor-widget elementor-widget-icon-box\" data-id=\"62eeabe\" data-element_type=\"widget\" data-e-type=\"widget\" data-widget_type=\"icon-box.default\">\n\t\t\t\t\t\t\t<div class=\"elementor-icon-box-wrapper\">\n\n\t\t\t\t\t\t<div class=\"elementor-icon-box-icon\">\n\t\t\t\t<span  class=\"elementor-icon\">\n\t\t\t\t<svg xmlns=\"http:\/\/www.w3.org\/2000\/svg\" width=\"313.969\" height=\"276\" viewBox=\"0 0 104.656 92\"><defs><style>      .cls-1 {        fill: #00c500;        fill-rule: evenodd;      }    <\/style><\/defs><path id=\"Pol&#xED;gono_3\" data-name=\"Pol&#xED;gono 3\" class=\"cls-1\" d=\"M76.67,0.509A5,5,0,0,1,81,3.009L104.666,44a5,5,0,0,1,0,5L81,89.991a5,5,0,0,1-4.33,2.5H29.338a5,5,0,0,1-4.33-2.5L1.342,49a5,5,0,0,1,0-5L25.008,3.009a5,5,0,0,1,4.33-2.5H76.67Z\" transform=\"translate(-0.688 -0.5)\"><\/path><\/svg>\t\t\t\t<\/span>\n\t\t\t<\/div>\n\t\t\t\n\t\t\t\t\t\t<div class=\"elementor-icon-box-content\">\n\n\t\t\t\t\t\t\t\t\t<h3 class=\"elementor-icon-box-title\">\n\t\t\t\t\t\t<span  >\n\t\t\t\t\t\t\tAGILIDADE\t\t\t\t\t\t<\/span>\n\t\t\t\t\t<\/h3>\n\t\t\t\t\n\t\t\t\t\t\t\t\t\t<p class=\"elementor-icon-box-description\">\n\t\t\t\t\t\tA Al Sukkar possui um Sistema de Gest\u00e3o da Qualidade estruturado nos requisitos das normas ISO 9001:2015. De modo a promover a confian\u00e7a nas opera\u00e7\u00f5es dos laborat\u00f3rios, oferecer a m\u00e1xima confian\u00e7a nos servi\u00e7os prestados e a satisfa\u00e7\u00e3o dos clientes. Todos os m\u00e9todos de ensaio s\u00e3o baseados em normas nacionais ou internacionais.\t\t\t\t\t<\/p>\n\t\t\t\t\n\t\t\t<\/div>\n\t\t\t\n\t\t<\/div>\n\t\t\t\t\t\t<\/div>\n\t\t\t\t<\/div>\n\t\t<div class=\"elementor-element elementor-element-b620a65 e-con-full e-flex e-con e-child\" data-id=\"b620a65\" data-element_type=\"container\" data-e-type=\"container\">\n\t\t\t\t<div class=\"elementor-element elementor-element-f0e4c59 elementor-view-default elementor-position-block-start elementor-mobile-position-block-start elementor-widget elementor-widget-icon-box\" data-id=\"f0e4c59\" data-element_type=\"widget\" data-e-type=\"widget\" data-widget_type=\"icon-box.default\">\n\t\t\t\t\t\t\t<div class=\"elementor-icon-box-wrapper\">\n\n\t\t\t\t\t\t<div class=\"elementor-icon-box-icon\">\n\t\t\t\t<span  class=\"elementor-icon\">\n\t\t\t\t<svg xmlns=\"http:\/\/www.w3.org\/2000\/svg\" width=\"313.969\" height=\"276\" viewBox=\"0 0 104.656 92\"><defs><style>      .cls-1 {        fill: #00c500;        fill-rule: evenodd;      }    <\/style><\/defs><path id=\"Pol&#xED;gono_3\" data-name=\"Pol&#xED;gono 3\" class=\"cls-1\" d=\"M76.67,0.509A5,5,0,0,1,81,3.009L104.666,44a5,5,0,0,1,0,5L81,89.991a5,5,0,0,1-4.33,2.5H29.338a5,5,0,0,1-4.33-2.5L1.342,49a5,5,0,0,1,0-5L25.008,3.009a5,5,0,0,1,4.33-2.5H76.67Z\" transform=\"translate(-0.688 -0.5)\"><\/path><\/svg>\t\t\t\t<\/span>\n\t\t\t<\/div>\n\t\t\t\n\t\t\t\t\t\t<div class=\"elementor-icon-box-content\">\n\n\t\t\t\t\t\t\t\t\t<h3 class=\"elementor-icon-box-title\">\n\t\t\t\t\t\t<span  >\n\t\t\t\t\t\t\tQUALIDADE\t\t\t\t\t\t<\/span>\n\t\t\t\t\t<\/h3>\n\t\t\t\t\n\t\t\t\t\t\t\t\t\t<p class=\"elementor-icon-box-description\">\n\t\t\t\t\t\tA Al Sukkar possui um Sistema de Gest\u00e3o da Qualidade estruturado nos requisitos da norma ISO 9001:2015, de modo a promover a confian\u00e7a nas opera\u00e7\u00f5es dos laborat\u00f3rios, oferecer a m\u00e1xima confian\u00e7a nos servi\u00e7os prestados e a satisfa\u00e7\u00e3o dos clientes. Todos os m\u00e9todos de ensaio s\u00e3o baseados em normas nacionais ou internacionais.\t\t\t\t\t<\/p>\n\t\t\t\t\n\t\t\t<\/div>\n\t\t\t\n\t\t<\/div>\n\t\t\t\t\t\t<\/div>\n\t\t\t\t<\/div>\n\t\t<div class=\"elementor-element elementor-element-bab23c6 e-con-full e-flex e-con e-child\" data-id=\"bab23c6\" data-element_type=\"container\" data-e-type=\"container\">\n\t\t\t\t<div class=\"elementor-element elementor-element-5d95607 elementor-view-default elementor-position-block-start elementor-mobile-position-block-start elementor-widget elementor-widget-icon-box\" data-id=\"5d95607\" data-element_type=\"widget\" data-e-type=\"widget\" data-widget_type=\"icon-box.default\">\n\t\t\t\t\t\t\t<div class=\"elementor-icon-box-wrapper\">\n\n\t\t\t\t\t\t<div class=\"elementor-icon-box-icon\">\n\t\t\t\t<span  class=\"elementor-icon\">\n\t\t\t\t<svg xmlns=\"http:\/\/www.w3.org\/2000\/svg\" width=\"313.969\" height=\"276\" viewBox=\"0 0 104.656 92\"><defs><style>      .cls-1 {        fill: #00c500;        fill-rule: evenodd;      }    <\/style><\/defs><path id=\"Pol&#xED;gono_3\" data-name=\"Pol&#xED;gono 3\" class=\"cls-1\" d=\"M76.67,0.509A5,5,0,0,1,81,3.009L104.666,44a5,5,0,0,1,0,5L81,89.991a5,5,0,0,1-4.33,2.5H29.338a5,5,0,0,1-4.33-2.5L1.342,49a5,5,0,0,1,0-5L25.008,3.009a5,5,0,0,1,4.33-2.5H76.67Z\" transform=\"translate(-0.688 -0.5)\"><\/path><\/svg>\t\t\t\t<\/span>\n\t\t\t<\/div>\n\t\t\t\n\t\t\t\t\t\t<div class=\"elementor-icon-box-content\">\n\n\t\t\t\t\t\t\t\t\t<h3 class=\"elementor-icon-box-title\">\n\t\t\t\t\t\t<span  >\n\t\t\t\t\t\t\tEXPERI\u00caNCIA\t\t\t\t\t\t<\/span>\n\t\t\t\t\t<\/h3>\n\t\t\t\t\n\t\t\t\t\t\t\t\t\t<p class=\"elementor-icon-box-description\">\n\t\t\t\t\t\tEquipe com mais de 30 anos de experi\u00eancias de laborat\u00f3rio, P&amp;D e processos industriais, com capacidade para atender com excel\u00eancia \u00e0s demandas dos clientes. Oferecemos an\u00e1lises e presta\u00e7\u00e3o de servi\u00e7os com qualidade, compet\u00eancia dos seus colaboradores e imparcialidade nas an\u00e1lises e no desenvolvimento de produtos e servi\u00e7os, que contribuam para a melhoria cont\u00ednua e gera\u00e7\u00e3o de benef\u00edcios aos clientes de forma sustent\u00e1vel.\t\t\t\t\t<\/p>\n\t\t\t\t\n\t\t\t<\/div>\n\t\t\t\n\t\t<\/div>\n\t\t\t\t\t\t<\/div>\n\t\t\t\t<\/div>\n\t\t\t\t<\/div>\n\t\t\t\t\t<\/div>\n\t\t\t\t<\/div>\n\t\t<div class=\"elementor-element elementor-element-c366e92 e-flex e-con-boxed e-con e-parent\" data-id=\"c366e92\" data-element_type=\"container\" data-e-type=\"container\" data-settings=\"{&quot;background_background&quot;:&quot;classic&quot;}\">\n\t\t\t\t\t<div class=\"e-con-inner\">\n\t\t<div class=\"elementor-element elementor-element-77af55d e-con-full e-flex e-con e-child\" data-id=\"77af55d\" data-element_type=\"container\" data-e-type=\"container\" data-settings=\"{&quot;background_background&quot;:&quot;classic&quot;}\">\n\t\t\t\t<div class=\"elementor-element elementor-element-b9af805 elementor-widget elementor-widget-text-editor\" data-id=\"b9af805\" data-element_type=\"widget\" data-e-type=\"widget\" data-widget_type=\"text-editor.default\">\n\t\t\t\t\t\t\t\t\t<p>Eventos realizados<\/p>\t\t\t\t\t\t\t\t<\/div>\n\t\t\t\t<\/div>\n\t\t\t\t\t<\/div>\n\t\t\t\t<\/div>\n\t\t<div class=\"elementor-element elementor-element-82c9725 e-flex e-con-boxed e-con e-parent\" data-id=\"82c9725\" data-element_type=\"container\" data-e-type=\"container\">\n\t\t\t\t\t<div class=\"e-con-inner\">\n\t\t<div class=\"elementor-element elementor-element-84b68d6 e-con-full e-flex e-con e-child\" data-id=\"84b68d6\" data-element_type=\"container\" data-e-type=\"container\">\n\t\t<div class=\"elementor-element elementor-element-edaecd9 e-con-full e-flex e-con e-child\" data-id=\"edaecd9\" data-element_type=\"container\" data-e-type=\"container\">\n\t\t\t\t<div class=\"elementor-element elementor-element-0587771 elementor-widget elementor-widget-text-editor\" data-id=\"0587771\" data-element_type=\"widget\" data-e-type=\"widget\" data-widget_type=\"text-editor.default\">\n\t\t\t\t\t\t\t\t\t<p class=\"style-scope ytd-watch-metadata\">5\u00b0 Encontro de Inova\u00e7\u00f5es na Ind\u00fastria Sucroalcooleira<\/p>\t\t\t\t\t\t\t\t<\/div>\n\t\t\t\t<div class=\"elementor-element elementor-element-d7caa36 elementor-widget elementor-widget-text-editor\" data-id=\"d7caa36\" data-element_type=\"widget\" data-e-type=\"widget\" data-widget_type=\"text-editor.default\">\n\t\t\t\t\t\t\t\t\t<p>A quinta edi\u00e7\u00e3o do Encontro de Inova\u00e7\u00f5es na Ind\u00fastria Sucroalcooleira, aconteceu dia 16 de agosto. O evento realizado em parceria com a Sucroanal\u00edtica , foi um sucesso!<br \/><br \/>V\u00e1rias empresas estiveram presentes e aproximadamente 100 pessoas prestigiaram as 7 palestras oferecidas com temas voltados para o setor sucroalcooleiro.<\/p>\t\t\t\t\t\t\t\t<\/div>\n\t\t\t\t<\/div>\n\t\t\t\t<\/div>\n\t\t<div class=\"elementor-element elementor-element-6b593ad e-con-full e-flex e-con e-child\" data-id=\"6b593ad\" data-element_type=\"container\" data-e-type=\"container\">\n\t\t<div class=\"elementor-element elementor-element-b84a541 e-con-full e-flex e-con e-child\" data-id=\"b84a541\" data-element_type=\"container\" data-e-type=\"container\">\n\t\t\t\t<div class=\"elementor-element elementor-element-b09cf22 elementor-widget elementor-widget-video\" data-id=\"b09cf22\" data-element_type=\"widget\" data-e-type=\"widget\" data-settings=\"{&quot;youtube_url&quot;:&quot;https:\\\/\\\/www.youtube.com\\\/watch?v=D1Tknc8O02Q&quot;,&quot;video_type&quot;:&quot;youtube&quot;,&quot;controls&quot;:&quot;yes&quot;}\" data-widget_type=\"video.default\">\n\t\t\t\t\t\t\t<div class=\"elementor-wrapper elementor-open-inline\">\n\t\t\t<div class=\"elementor-video\"><\/div>\t\t<\/div>\n\t\t\t\t\t\t<\/div>\n\t\t\t\t<\/div>\n\t\t\t\t<\/div>\n\t\t\t\t\t<\/div>\n\t\t\t\t<\/div>\n\t\t<div class=\"elementor-element elementor-element-000884f e-flex e-con-boxed e-con e-parent\" data-id=\"000884f\" data-element_type=\"container\" data-e-type=\"container\">\n\t\t\t\t\t<div class=\"e-con-inner\">\n\t\t<div class=\"elementor-element elementor-element-cea7667 e-con-full e-flex e-con e-child\" data-id=\"cea7667\" data-element_type=\"container\" data-e-type=\"container\">\n\t\t<div class=\"elementor-element elementor-element-4a50070 e-con-full e-flex e-con e-child\" data-id=\"4a50070\" data-element_type=\"container\" data-e-type=\"container\">\n\t\t\t\t<div class=\"elementor-element elementor-element-ca493c9 elementor-widget elementor-widget-text-editor\" data-id=\"ca493c9\" data-element_type=\"widget\" data-e-type=\"widget\" data-widget_type=\"text-editor.default\">\n\t\t\t\t\t\t\t\t\t<p class=\"style-scope ytd-watch-metadata\">6\u00b0 Encontro de Inova\u00e7\u00f5es na Ind\u00fastria Sucroalcooleira<\/p>\t\t\t\t\t\t\t\t<\/div>\n\t\t\t\t<div class=\"elementor-element elementor-element-7eeb2bf elementor-widget elementor-widget-text-editor\" data-id=\"7eeb2bf\" data-element_type=\"widget\" data-e-type=\"widget\" data-widget_type=\"text-editor.default\">\n\t\t\t\t\t\t\t\t\t<p>O evento reuniu especialistas e profissionais da \u00e1rea para discutir as \u00faltimas tend\u00eancias e inova\u00e7\u00f5es que est\u00e3o moldando o setor que \u00e9 refer\u00eancia em tecnologia em nosso pa\u00eds.<br \/><br \/>Com palestras enriquecedoras, os participantes puderam compartilhar conhecimentos sobre tecnologias sustent\u00e1veis, boas pr\u00e1ticas de an\u00e1lise e produ\u00e7\u00e3o.<\/p>\t\t\t\t\t\t\t\t<\/div>\n\t\t\t\t<\/div>\n\t\t\t\t<\/div>\n\t\t<div class=\"elementor-element elementor-element-b33dec0 e-con-full e-flex e-con e-child\" data-id=\"b33dec0\" data-element_type=\"container\" data-e-type=\"container\">\n\t\t<div class=\"elementor-element elementor-element-843ee09 e-con-full e-flex e-con e-child\" data-id=\"843ee09\" data-element_type=\"container\" data-e-type=\"container\">\n\t\t\t\t<div class=\"elementor-element elementor-element-6ea0a4b elementor-widget elementor-widget-video\" data-id=\"6ea0a4b\" data-element_type=\"widget\" data-e-type=\"widget\" data-settings=\"{&quot;youtube_url&quot;:&quot;https:\\\/\\\/youtu.be\\\/AWhBwrhUTyw&quot;,&quot;video_type&quot;:&quot;youtube&quot;,&quot;controls&quot;:&quot;yes&quot;}\" data-widget_type=\"video.default\">\n\t\t\t\t\t\t\t<div class=\"elementor-wrapper elementor-open-inline\">\n\t\t\t<div class=\"elementor-video\"><\/div>\t\t<\/div>\n\t\t\t\t\t\t<\/div>\n\t\t\t\t<\/div>\n\t\t\t\t<\/div>\n\t\t\t\t\t<\/div>\n\t\t\t\t<\/div>\n\t\t<div class=\"elementor-element elementor-element-6a8143f e-flex e-con-boxed e-con e-parent\" data-id=\"6a8143f\" data-element_type=\"container\" data-e-type=\"container\">\n\t\t\t\t\t<div class=\"e-con-inner\">\n\t\t\t\t<div class=\"elementor-element elementor-element-9e07f22 elementor-widget-divider--view-line elementor-widget elementor-widget-divider\" data-id=\"9e07f22\" data-element_type=\"widget\" data-e-type=\"widget\" data-widget_type=\"divider.default\">\n\t\t\t\t\t\t\t<div class=\"elementor-divider\">\n\t\t\t<span class=\"elementor-divider-separator\">\n\t\t\t\t\t\t<\/span>\n\t\t<\/div>\n\t\t\t\t\t\t<\/div>\n\t\t\t\t\t<\/div>\n\t\t\t\t<\/div>\n\t\t<div class=\"elementor-element elementor-element-7a83c89 e-flex e-con-boxed e-con e-parent\" data-id=\"7a83c89\" data-element_type=\"container\" data-e-type=\"container\">\n\t\t\t\t\t<div class=\"e-con-inner\">\n\t\t<div class=\"elementor-element elementor-element-ff5d799 e-con-full e-flex e-con e-child\" data-id=\"ff5d799\" data-element_type=\"container\" data-e-type=\"container\">\n\t\t\t\t<div class=\"elementor-element elementor-element-04d2e58 elementor-view-default elementor-widget elementor-widget-icon\" data-id=\"04d2e58\" data-element_type=\"widget\" data-e-type=\"widget\" data-widget_type=\"icon.default\">\n\t\t\t\t\t\t\t<div class=\"elementor-icon-wrapper\">\n\t\t\t<div class=\"elementor-icon\">\n\t\t\t<svg xmlns=\"http:\/\/www.w3.org\/2000\/svg\" width=\"313.969\" height=\"276\" viewBox=\"0 0 104.656 92\"><defs><style>      .cls-1 {        fill: #00c500;        fill-rule: evenodd;      }    <\/style><\/defs><path id=\"Pol&#xED;gono_3\" data-name=\"Pol&#xED;gono 3\" class=\"cls-1\" d=\"M76.67,0.509A5,5,0,0,1,81,3.009L104.666,44a5,5,0,0,1,0,5L81,89.991a5,5,0,0,1-4.33,2.5H29.338a5,5,0,0,1-4.33-2.5L1.342,49a5,5,0,0,1,0-5L25.008,3.009a5,5,0,0,1,4.33-2.5H76.67Z\" transform=\"translate(-0.688 -0.5)\"><\/path><\/svg>\t\t\t<\/div>\n\t\t<\/div>\n\t\t\t\t\t\t<\/div>\n\t\t\t\t<div class=\"elementor-element elementor-element-2ba7e43 elementor-widget__width-initial elementor-widget elementor-widget-text-editor\" data-id=\"2ba7e43\" data-element_type=\"widget\" data-e-type=\"widget\" data-widget_type=\"text-editor.default\">\n\t\t\t\t\t\t\t\t\t<p>SEJA NOSSO PR\u00d3XIMO<br \/>PARCEIRO<\/p>\t\t\t\t\t\t\t\t<\/div>\n\t\t\t\t<div class=\"elementor-element elementor-element-8f6cd4e elementor-widget elementor-widget-html\" data-id=\"8f6cd4e\" data-element_type=\"widget\" data-e-type=\"widget\" data-widget_type=\"html.default\">\n\t\t\t\t\t<!-- Google tag (gtag.js) -->\r\n<script async src=\"https:\/\/www.googletagmanager.com\/gtag\/js?id=AW-17126037940\"><\/script>\r\n<script>\r\n  window.dataLayer = window.dataLayer || [];\r\n  function gtag(){dataLayer.push(arguments);}\r\n  gtag('js', new Date());\r\n\r\n  gtag('config', 'AW-17126037940');\r\n<\/script>\t\t\t\t<\/div>\n\t\t\t\t<div class=\"elementor-element elementor-element-3d9d3d5 elementor-widget elementor-widget-html\" data-id=\"3d9d3d5\" data-element_type=\"widget\" data-e-type=\"widget\" data-widget_type=\"html.default\">\n\t\t\t\t\t<!-- Meta Pixel Code -->\r\n<script>\r\n!function(f,b,e,v,n,t,s)\r\n{if(f.fbq)return;n=f.fbq=function(){n.callMethod?\r\nn.callMethod.apply(n,arguments):n.queue.push(arguments)};\r\nif(!f._fbq)f._fbq=n;n.push=n;n.loaded=!0;n.version='2.0';\r\nn.queue=[];t=b.createElement(e);t.async=!0;\r\nt.src=v;s=b.getElementsByTagName(e)[0];\r\ns.parentNode.insertBefore(t,s)}(window, document,'script',\r\n'https:\/\/connect.facebook.net\/en_US\/fbevents.js');\r\nfbq('init', '598733876328532');\r\nfbq('track', 'PageView');\r\n<\/script>\r\n<noscript><img height=\"1\" width=\"1\" style=\"display:none\"\r\nsrc=\"https:\/\/www.facebook.com\/tr?id=598733876328532&ev=PageView&noscript=1\"\r\n\/><\/noscript>\r\n<!-- End Meta Pixel Code -->\t\t\t\t<\/div>\n\t\t\t\t<\/div>\n\t\t<div class=\"elementor-element elementor-element-7e8ebbf e-con-full e-flex e-con e-child\" data-id=\"7e8ebbf\" data-element_type=\"container\" data-e-type=\"container\">\n\t\t\t\t<div class=\"elementor-element elementor-element-c872c64 elementor-widget__width-initial elementor-button-align-stretch elementor-widget elementor-widget-form\" data-id=\"c872c64\" data-element_type=\"widget\" data-e-type=\"widget\" data-settings=\"{&quot;step_next_label&quot;:&quot;Next&quot;,&quot;step_previous_label&quot;:&quot;Previous&quot;,&quot;button_width&quot;:&quot;100&quot;,&quot;step_type&quot;:&quot;number_text&quot;,&quot;step_icon_shape&quot;:&quot;circle&quot;}\" data-widget_type=\"form.default\">\n\t\t\t\t\t\t\t<form class=\"elementor-form\" method=\"post\" name=\"New Form\" aria-label=\"New Form\">\n\t\t\t<input type=\"hidden\" name=\"post_id\" value=\"24\"\/>\n\t\t\t<input type=\"hidden\" name=\"form_id\" value=\"c872c64\"\/>\n\t\t\t<input type=\"hidden\" name=\"referer_title\" value=\"Diferenciais\" \/>\n\n\t\t\t\t\t\t\t<input type=\"hidden\" name=\"queried_id\" value=\"24\"\/>\n\t\t\t\n\t\t\t<div class=\"elementor-form-fields-wrapper elementor-labels-above\">\n\t\t\t\t\t\t\t\t<div class=\"elementor-field-type-text elementor-field-group elementor-column elementor-field-group-name elementor-col-100\">\n\t\t\t\t\t\t\t\t\t\t\t\t<label for=\"form-field-name\" class=\"elementor-field-label\">\n\t\t\t\t\t\t\t\tNome\t\t\t\t\t\t\t<\/label>\n\t\t\t\t\t\t\t\t\t\t\t\t\t\t<input size=\"1\" type=\"text\" name=\"form_fields[name]\" id=\"form-field-name\" class=\"elementor-field elementor-size-sm  elementor-field-textual\">\n\t\t\t\t\t\t\t\t\t\t\t<\/div>\n\t\t\t\t\t\t\t\t<div class=\"elementor-field-type-text elementor-field-group elementor-column elementor-field-group-email elementor-col-100 elementor-field-required\">\n\t\t\t\t\t\t\t\t\t\t\t\t<label for=\"form-field-email\" class=\"elementor-field-label\">\n\t\t\t\t\t\t\t\tSua empresa\t\t\t\t\t\t\t<\/label>\n\t\t\t\t\t\t\t\t\t\t\t\t\t\t<input size=\"1\" type=\"text\" name=\"form_fields[email]\" id=\"form-field-email\" class=\"elementor-field elementor-size-sm  elementor-field-textual\" required=\"required\">\n\t\t\t\t\t\t\t\t\t\t\t<\/div>\n\t\t\t\t\t\t\t\t<div class=\"elementor-field-type-email elementor-field-group elementor-column elementor-field-group-field_a0c0b71 elementor-col-100 elementor-field-required\">\n\t\t\t\t\t\t\t\t\t\t\t\t<label for=\"form-field-field_a0c0b71\" class=\"elementor-field-label\">\n\t\t\t\t\t\t\t\tEmail\t\t\t\t\t\t\t<\/label>\n\t\t\t\t\t\t\t\t\t\t\t\t\t\t<input size=\"1\" type=\"email\" name=\"form_fields[field_a0c0b71]\" id=\"form-field-field_a0c0b71\" class=\"elementor-field elementor-size-sm  elementor-field-textual\" required=\"required\">\n\t\t\t\t\t\t\t\t\t\t\t<\/div>\n\t\t\t\t\t\t\t\t<div class=\"elementor-field-type-tel elementor-field-group elementor-column elementor-field-group-field_aa92a55 elementor-col-100 elementor-field-required\">\n\t\t\t\t\t\t\t\t\t\t\t\t<label for=\"form-field-field_aa92a55\" class=\"elementor-field-label\">\n\t\t\t\t\t\t\t\tSeu contato\t\t\t\t\t\t\t<\/label>\n\t\t\t\t\t\t\t\t<input size=\"1\" type=\"tel\" name=\"form_fields[field_aa92a55]\" id=\"form-field-field_aa92a55\" class=\"elementor-field elementor-size-sm  elementor-field-textual\" required=\"required\" pattern=\"[0-9()#&amp;+*-=.]+\" title=\"Only numbers and phone characters (#, -, *, etc) are accepted.\">\n\n\t\t\t\t\t\t<\/div>\n\t\t\t\t\t\t\t\t<div class=\"elementor-field-group elementor-column elementor-field-type-submit elementor-col-100 e-form__buttons\">\n\t\t\t\t\t<button class=\"elementor-button elementor-size-sm\" type=\"submit\">\n\t\t\t\t\t\t<span class=\"elementor-button-content-wrapper\">\n\t\t\t\t\t\t\t\t\t\t\t\t\t\t\t\t\t\t\t\t\t\t<span class=\"elementor-button-text\">QUERO SER UM PARCEIRO<\/span>\n\t\t\t\t\t\t\t\t\t\t\t\t\t<\/span>\n\t\t\t\t\t<\/button>\n\t\t\t\t<\/div>\n\t\t\t<\/div>\n\t\t<\/form>\n\t\t\t\t\t\t<\/div>\n\t\t\t\t<\/div>\n\t\t\t\t\t<\/div>\n\t\t\t\t<\/div>\n\t\t\t\t<\/div>\n\t\t","protected":false},"excerpt":{"rendered":"<p>Nossos diferenciaisCapacita\u00e7\u00e3o que transforma processos. AGILIDADE A Al Sukkar possui um Sistema de Gest\u00e3o da Qualidade estruturado nos requisitos das normas ISO 9001:2015. De modo a promover a confian\u00e7a nas opera\u00e7\u00f5es dos laborat\u00f3rios, oferecer a m\u00e1xima confian\u00e7a nos servi\u00e7os prestados e a satisfa\u00e7\u00e3o dos clientes. Todos os m\u00e9todos de ensaio s\u00e3o baseados em normas nacionais [&hellip;]<\/p>\n","protected":false},"author":1,"featured_media":0,"parent":0,"menu_order":0,"comment_status":"closed","ping_status":"closed","template":"","meta":{"footnotes":""},"class_list":["post-24","page","type-page","status-publish","hentry"],"jetpack_sharing_enabled":true,"_links":{"self":[{"href":"https:\/\/alsukkar.com.br\/en\/wp-json\/wp\/v2\/pages\/24","targetHints":{"allow":["GET"]}}],"collection":[{"href":"https:\/\/alsukkar.com.br\/en\/wp-json\/wp\/v2\/pages"}],"about":[{"href":"https:\/\/alsukkar.com.br\/en\/wp-json\/wp\/v2\/types\/page"}],"author":[{"embeddable":true,"href":"https:\/\/alsukkar.com.br\/en\/wp-json\/wp\/v2\/users\/1"}],"replies":[{"embeddable":true,"href":"https:\/\/alsukkar.com.br\/en\/wp-json\/wp\/v2\/comments?post=24"}],"version-history":[{"count":25,"href":"https:\/\/alsukkar.com.br\/en\/wp-json\/wp\/v2\/pages\/24\/revisions"}],"predecessor-version":[{"id":455,"href":"https:\/\/alsukkar.com.br\/en\/wp-json\/wp\/v2\/pages\/24\/revisions\/455"}],"wp:attachment":[{"href":"https:\/\/alsukkar.com.br\/en\/wp-json\/wp\/v2\/media?parent=24"}],"curies":[{"name":"wp","href":"https:\/\/api.w.org\/{rel}","templated":true}]}}